{"id":41,"date":"2025-02-03T11:45:10","date_gmt":"2025-02-03T11:45:10","guid":{"rendered":"https:\/\/fav-links.org\/?page_id=41"},"modified":"2025-02-03T11:45:12","modified_gmt":"2025-02-03T11:45:12","slug":"contacts","status":"publish","type":"page","link":"https:\/\/fav-links.org\/ro\/contacts\/","title":{"rendered":"Contacte"},"content":{"rendered":"<p>A\u0219tept\u0103m cu ner\u0103bdare \u00eentreb\u0103rile \u0219i sugestiile dumneavoastr\u0103 cu privire la articolele \u0219i produsele noastre. V\u0103 rug\u0103m s\u0103 ne contacta\u021bi:<\/p>\n<address>\n        E-mail: <a href=\"\"mailto:contact@fav-links.org\"\">contact@fav-links.org<\/a><br \/>\n    <\/address>\n<h2>Formular de contact<\/h2>\n<form action=\"\/ro\/envoyer-message\/\" method=\"post\" data-trp-original-action=\"\/envoyer-message\">\n        <label for=\"nom\">Nume:<\/label><br \/>\n        <input type=\"text\" id=\"nom\" name=\"nom\" required><\/p>\n<p>        <label for=\"email\">E-mail:<\/label><br \/>\n        <input type=\"email\" id=\"email\" name=\"email\" required><\/p>\n<p>        <label for=\"message\">Mesaj:<\/label><br \/>\n        <textarea id=\"message\" name=\"message\" rows=\"5\" required><\/textarea><\/p>\n<p>        <button type=\"submit\">Trimite<\/button><br \/>\n    <input type=\"hidden\" name=\"trp-form-language\" value=\"ro\"\/><\/form>","protected":false},"excerpt":{"rendered":"<p>A\u0219tept\u0103m cu ner\u0103bdare \u00eentreb\u0103rile \u0219i sugestiile dumneavoastr\u0103 cu privire la articolele \u0219i produsele noastre. V\u0103 rug\u0103m s\u0103 ne contacta\u021bi: Email: contact@fav-links.org Formular...<\/p>","protected":false},"author":1,"featured_media":0,"parent":0,"menu_order":0,"comment_status":"closed","ping_status":"closed","template":"","meta":{"_acf_changed":false,"footnotes":""},"class_list":["post-41","page","type-page","status-publish","hentry"],"acf":[],"yoast_head":"<!-- This site is optimized with the Yoast SEO plugin v23.2 - https:\/\/yoast.com\/wordpress\/plugins\/seo\/ -->\n<title>Contacts - fav-links.org<\/title>\n<meta name=\"description\" content=\"Contactez-nous pour toute question ou suggestion concernant nos articles et produits. Nous sommes l\u00e0 pour vous aider.\" \/>\n<meta name=\"robots\" content=\"index, follow, max-snippet:-1, max-image-preview:large, max-video-preview:-1\" \/>\n<link rel=\"canonical\" href=\"https:\/\/fav-links.org\/ro\/contacts\/\" \/>\n<meta property=\"og:locale\" content=\"ro_RO\" \/>\n<meta property=\"og:type\" content=\"article\" \/>\n<meta property=\"og:title\" content=\"Contacts - fav-links.org\" \/>\n<meta property=\"og:description\" content=\"Contactez-nous pour toute question ou suggestion concernant nos articles et produits. Nous sommes l\u00e0 pour vous aider.\" \/>\n<meta property=\"og:url\" content=\"https:\/\/fav-links.org\/ro\/contacts\/\" \/>\n<meta property=\"og:site_name\" content=\"fav-links.org\" \/>\n<meta property=\"article:modified_time\" content=\"2025-02-03T11:45:12+00:00\" \/>\n<meta name=\"twitter:card\" content=\"summary_large_image\" \/>\n<meta name=\"twitter:label1\" content=\"Timp estimat pentru citire\" \/>\n\t<meta name=\"twitter:data1\" content=\"1 minut\" \/>\n<script type=\"application\/ld+json\" class=\"yoast-schema-graph\">{\"@context\":\"https:\/\/schema.org\",\"@graph\":[{\"@type\":\"WebPage\",\"@id\":\"https:\/\/fav-links.org\/contacts\/\",\"url\":\"https:\/\/fav-links.org\/contacts\/\",\"name\":\"Contacts - fav-links.org\",\"isPartOf\":{\"@id\":\"https:\/\/fav-links.org\/#website\"},\"datePublished\":\"2025-02-03T11:45:10+00:00\",\"dateModified\":\"2025-02-03T11:45:12+00:00\",\"description\":\"Contactez-nous pour toute question ou suggestion concernant nos articles et produits. Nous sommes l\u00e0 pour vous aider.\",\"breadcrumb\":{\"@id\":\"https:\/\/fav-links.org\/contacts\/#breadcrumb\"},\"inLanguage\":\"ro-RO\",\"potentialAction\":[{\"@type\":\"ReadAction\",\"target\":[\"https:\/\/fav-links.org\/contacts\/\"]}]},{\"@type\":\"BreadcrumbList\",\"@id\":\"https:\/\/fav-links.org\/contacts\/#breadcrumb\",\"itemListElement\":[{\"@type\":\"ListItem\",\"position\":1,\"name\":\"Home\",\"item\":\"https:\/\/fav-links.org\/\"},{\"@type\":\"ListItem\",\"position\":2,\"name\":\"Contacts\"}]},{\"@type\":\"WebSite\",\"@id\":\"https:\/\/fav-links.org\/#website\",\"url\":\"https:\/\/fav-links.org\/\",\"name\":\"fav-links.org\",\"description\":\"Astuces mode, id\u00e9es de looks et tendances actuelles\",\"potentialAction\":[{\"@type\":\"SearchAction\",\"target\":{\"@type\":\"EntryPoint\",\"urlTemplate\":\"https:\/\/fav-links.org\/?s={search_term_string}\"},\"query-input\":\"required name=search_term_string\"}],\"inLanguage\":\"ro-RO\"}]}<\/script>\n<!-- \/ Yoast SEO plugin. -->","yoast_head_json":{"title":"Contacts - fav-links.org","description":"Contactez-nous pour toute question ou suggestion concernant nos articles et produits. Nous sommes l\u00e0 pour vous aider.","robots":{"index":"index","follow":"follow","max-snippet":"max-snippet:-1","max-image-preview":"max-image-preview:large","max-video-preview":"max-video-preview:-1"},"canonical":"https:\/\/fav-links.org\/ro\/contacts\/","og_locale":"ro_RO","og_type":"article","og_title":"Contacts - fav-links.org","og_description":"Contactez-nous pour toute question ou suggestion concernant nos articles et produits. Nous sommes l\u00e0 pour vous aider.","og_url":"https:\/\/fav-links.org\/ro\/contacts\/","og_site_name":"fav-links.org","article_modified_time":"2025-02-03T11:45:12+00:00","twitter_card":"summary_large_image","twitter_misc":{"Timp estimat pentru citire":"1 minut"},"schema":{"@context":"https:\/\/schema.org","@graph":[{"@type":"WebPage","@id":"https:\/\/fav-links.org\/contacts\/","url":"https:\/\/fav-links.org\/contacts\/","name":"Contacts - fav-links.org","isPartOf":{"@id":"https:\/\/fav-links.org\/#website"},"datePublished":"2025-02-03T11:45:10+00:00","dateModified":"2025-02-03T11:45:12+00:00","description":"Contactez-nous pour toute question ou suggestion concernant nos articles et produits. Nous sommes l\u00e0 pour vous aider.","breadcrumb":{"@id":"https:\/\/fav-links.org\/contacts\/#breadcrumb"},"inLanguage":"ro-RO","potentialAction":[{"@type":"ReadAction","target":["https:\/\/fav-links.org\/contacts\/"]}]},{"@type":"BreadcrumbList","@id":"https:\/\/fav-links.org\/contacts\/#breadcrumb","itemListElement":[{"@type":"ListItem","position":1,"name":"Home","item":"https:\/\/fav-links.org\/"},{"@type":"ListItem","position":2,"name":"Contacts"}]},{"@type":"WebSite","@id":"https:\/\/fav-links.org\/#website","url":"https:\/\/fav-links.org\/","name":"fav-links.org","description":"Astuces mode, id\u00e9es de looks et tendances actuelles","potentialAction":[{"@type":"SearchAction","target":{"@type":"EntryPoint","urlTemplate":"https:\/\/fav-links.org\/?s={search_term_string}"},"query-input":"required name=search_term_string"}],"inLanguage":"ro-RO"}]}},"yoast_meta":{"yoast_wpseo_title":"","yoast_wpseo_metadesc":"","yoast_wpseo_canonical":"https:\/\/fav-links.org\/ro\/wp-json\/wp\/v2\/pages\/41"},"_links":{"self":[{"href":"https:\/\/fav-links.org\/ro\/wp-json\/wp\/v2\/pages\/41","targetHints":{"allow":["GET"]}}],"collection":[{"href":"https:\/\/fav-links.org\/ro\/wp-json\/wp\/v2\/pages"}],"about":[{"href":"https:\/\/fav-links.org\/ro\/wp-json\/wp\/v2\/types\/page"}],"author":[{"embeddable":true,"href":"https:\/\/fav-links.org\/ro\/wp-json\/wp\/v2\/users\/1"}],"replies":[{"embeddable":true,"href":"https:\/\/fav-links.org\/ro\/wp-json\/wp\/v2\/comments?post=41"}],"version-history":[{"count":1,"href":"https:\/\/fav-links.org\/ro\/wp-json\/wp\/v2\/pages\/41\/revisions"}],"predecessor-version":[{"id":42,"href":"https:\/\/fav-links.org\/ro\/wp-json\/wp\/v2\/pages\/41\/revisions\/42"}],"wp:attachment":[{"href":"https:\/\/fav-links.org\/ro\/wp-json\/wp\/v2\/media?parent=41"}],"curies":[{"name":"wp","href":"https:\/\/api.w.org\/{rel}","templated":true}]}}