{"id":40,"date":"2025-02-03T11:46:36","date_gmt":"2025-02-03T11:46:36","guid":{"rendered":"https:\/\/fav-links.org\/?page_id=40"},"modified":"2025-02-03T11:46:38","modified_gmt":"2025-02-03T11:46:38","slug":"a-propos-de-nous","status":"publish","type":"page","link":"https:\/\/fav-links.org\/ro\/a-propos-de-nous\/","title":{"rendered":"Despre noi"},"content":{"rendered":"<p>Bine a\u021bi venit \u00een lumea noastr\u0103, unde moda transcende simpla \u00eembr\u0103c\u0103minte. Suntem o comunitate pasionat\u0103 care exploreaz\u0103 arta autoexprim\u0103rii prin stil vestimentar.<\/p>\n<p><img loading=\"lazy\" decoding=\"async\" class=\"aligncenter wp-image-43 size-full\" src=\"https:\/\/fav-links.org\/wp-content\/uploads\/2025\/02\/photo-new.jpg\" alt=\"\" width=\"612\" height=\"419\" srcset=\"https:\/\/fav-links.org\/wp-content\/uploads\/2025\/02\/photo-new.jpg 612w, https:\/\/fav-links.org\/wp-content\/uploads\/2025\/02\/photo-new-300x205.jpg 300w\" sizes=\"auto, (max-width: 612px) 100vw, 612px\" \/><\/p>\n<h2 class=\"section-title\">Viziunea noastr\u0103 creativ\u0103<\/h2>\n<p>\u00cen acest hub digital de mod\u0103, deconstruim codurile vestimentare tradi\u021bionale pentru a v\u0103 oferi o perspectiv\u0103 proasp\u0103t\u0103 \u0219i autentic\u0103. Fiecare articol este atent creat pentru a v\u0103 inspira \u0219i a v\u0103 ghida \u00een c\u0103l\u0103toria voastr\u0103 personal\u0103 c\u0103tre stil.<\/p>\n<h2 class=\"section-title\">Arta Descoperirii<\/h2>\n<p>Echipa noastr\u0103 pasionat\u0103 exploreaz\u0103 tendin\u021bele emergente, analizeaz\u0103 mi\u0219c\u0103rile culturale \u0219i decodeaz\u0103 influen\u021bele care modeleaz\u0103 moda contemporan\u0103. Credem c\u0103 fiecare merit\u0103 s\u0103 \u00ee\u0219i descopere stilul unic.<\/p>\n<h2 class=\"section-title\">Domeniile noastre de expertiz\u0103<\/h2>\n<ul>\n<li>Analiz\u0103 aprofundat\u0103 a colec\u021biilor sezoniere \u0219i a impactului acestora asupra stilului de zi cu zi<\/li>\n<li>Ghiduri practice pentru crearea unei garderobe con\u0219tiincioase \u0219i sustenabile<\/li>\n<li>Descifrarea tendin\u021belor emergente \u0219i adaptarea lor la diferite stiluri de via\u021b\u0103<\/li>\n<li>Consultan\u021b\u0103 personalizat\u0103 pentru dezvoltarea unei semn\u0103turi vestimentare autentice<\/li>\n<li>Explor\u00e2nd leg\u0103turile dintre mod\u0103, art\u0103 \u0219i cultura contemporan\u0103<\/li>\n<\/ul>","protected":false},"excerpt":{"rendered":"<p>Bine a\u021bi venit \u00een lumea noastr\u0103, unde moda transcende simpla \u00eembr\u0103c\u0103minte. Suntem o comunitate pasionat\u0103 care exploreaz\u0103 arta...<\/p>","protected":false},"author":1,"featured_media":0,"parent":0,"menu_order":0,"comment_status":"closed","ping_status":"closed","template":"","meta":{"_acf_changed":false,"footnotes":""},"class_list":["post-40","page","type-page","status-publish","hentry"],"acf":[],"yoast_head":"<!-- This site is optimized with the Yoast SEO plugin v23.2 - https:\/\/yoast.com\/wordpress\/plugins\/seo\/ -->\n<title>A propos de nous - fav-links.org<\/title>\n<meta name=\"description\" content=\"D\u00e9couvrez les derni\u00e8res tendances mode, des conseils stylistiques personnalis\u00e9s et des analyses approfondies des collections contemporaines.\" \/>\n<meta name=\"robots\" content=\"index, follow, max-snippet:-1, max-image-preview:large, max-video-preview:-1\" \/>\n<link rel=\"canonical\" href=\"https:\/\/fav-links.org\/ro\/a-propos-de-nous\/\" \/>\n<meta property=\"og:locale\" content=\"ro_RO\" \/>\n<meta property=\"og:type\" content=\"article\" \/>\n<meta property=\"og:title\" content=\"A propos de nous - fav-links.org\" \/>\n<meta property=\"og:description\" content=\"D\u00e9couvrez les derni\u00e8res tendances mode, des conseils stylistiques personnalis\u00e9s et des analyses approfondies des collections contemporaines.\" \/>\n<meta property=\"og:url\" content=\"https:\/\/fav-links.org\/ro\/a-propos-de-nous\/\" \/>\n<meta property=\"og:site_name\" content=\"fav-links.org\" \/>\n<meta property=\"article:modified_time\" content=\"2025-02-03T11:46:38+00:00\" \/>\n<meta property=\"og:image\" content=\"https:\/\/fav-links.org\/wp-content\/uploads\/2025\/02\/photo-new.jpg\" \/>\n<meta name=\"twitter:card\" content=\"summary_large_image\" \/>\n<meta name=\"twitter:label1\" content=\"Timp estimat pentru citire\" \/>\n\t<meta name=\"twitter:data1\" content=\"2 minute\" \/>\n<script type=\"application\/ld+json\" class=\"yoast-schema-graph\">{\"@context\":\"https:\/\/schema.org\",\"@graph\":[{\"@type\":\"WebPage\",\"@id\":\"https:\/\/fav-links.org\/a-propos-de-nous\/\",\"url\":\"https:\/\/fav-links.org\/a-propos-de-nous\/\",\"name\":\"A propos de nous - fav-links.org\",\"isPartOf\":{\"@id\":\"https:\/\/fav-links.org\/#website\"},\"primaryImageOfPage\":{\"@id\":\"https:\/\/fav-links.org\/a-propos-de-nous\/#primaryimage\"},\"image\":{\"@id\":\"https:\/\/fav-links.org\/a-propos-de-nous\/#primaryimage\"},\"thumbnailUrl\":\"https:\/\/fav-links.org\/wp-content\/uploads\/2025\/02\/photo-new.jpg\",\"datePublished\":\"2025-02-03T11:46:36+00:00\",\"dateModified\":\"2025-02-03T11:46:38+00:00\",\"description\":\"D\u00e9couvrez les derni\u00e8res tendances mode, des conseils stylistiques personnalis\u00e9s et des analyses approfondies des collections contemporaines.\",\"breadcrumb\":{\"@id\":\"https:\/\/fav-links.org\/a-propos-de-nous\/#breadcrumb\"},\"inLanguage\":\"ro-RO\",\"potentialAction\":[{\"@type\":\"ReadAction\",\"target\":[\"https:\/\/fav-links.org\/a-propos-de-nous\/\"]}]},{\"@type\":\"ImageObject\",\"inLanguage\":\"ro-RO\",\"@id\":\"https:\/\/fav-links.org\/a-propos-de-nous\/#primaryimage\",\"url\":\"https:\/\/fav-links.org\/wp-content\/uploads\/2025\/02\/photo-new.jpg\",\"contentUrl\":\"https:\/\/fav-links.org\/wp-content\/uploads\/2025\/02\/photo-new.jpg\"},{\"@type\":\"BreadcrumbList\",\"@id\":\"https:\/\/fav-links.org\/a-propos-de-nous\/#breadcrumb\",\"itemListElement\":[{\"@type\":\"ListItem\",\"position\":1,\"name\":\"Home\",\"item\":\"https:\/\/fav-links.org\/\"},{\"@type\":\"ListItem\",\"position\":2,\"name\":\"A propos de nous\"}]},{\"@type\":\"WebSite\",\"@id\":\"https:\/\/fav-links.org\/#website\",\"url\":\"https:\/\/fav-links.org\/\",\"name\":\"fav-links.org\",\"description\":\"Astuces mode, id\u00e9es de looks et tendances actuelles\",\"potentialAction\":[{\"@type\":\"SearchAction\",\"target\":{\"@type\":\"EntryPoint\",\"urlTemplate\":\"https:\/\/fav-links.org\/?s={search_term_string}\"},\"query-input\":\"required name=search_term_string\"}],\"inLanguage\":\"ro-RO\"}]}<\/script>\n<!-- \/ Yoast SEO plugin. -->","yoast_head_json":{"title":"A propos de nous - fav-links.org","description":"D\u00e9couvrez les derni\u00e8res tendances mode, des conseils stylistiques personnalis\u00e9s et des analyses approfondies des collections contemporaines.","robots":{"index":"index","follow":"follow","max-snippet":"max-snippet:-1","max-image-preview":"max-image-preview:large","max-video-preview":"max-video-preview:-1"},"canonical":"https:\/\/fav-links.org\/ro\/a-propos-de-nous\/","og_locale":"ro_RO","og_type":"article","og_title":"A propos de nous - fav-links.org","og_description":"D\u00e9couvrez les derni\u00e8res tendances mode, des conseils stylistiques personnalis\u00e9s et des analyses approfondies des collections contemporaines.","og_url":"https:\/\/fav-links.org\/ro\/a-propos-de-nous\/","og_site_name":"fav-links.org","article_modified_time":"2025-02-03T11:46:38+00:00","og_image":[{"url":"https:\/\/fav-links.org\/wp-content\/uploads\/2025\/02\/photo-new.jpg"}],"twitter_card":"summary_large_image","twitter_misc":{"Timp estimat pentru citire":"2 minute"},"schema":{"@context":"https:\/\/schema.org","@graph":[{"@type":"WebPage","@id":"https:\/\/fav-links.org\/a-propos-de-nous\/","url":"https:\/\/fav-links.org\/a-propos-de-nous\/","name":"A propos de nous - fav-links.org","isPartOf":{"@id":"https:\/\/fav-links.org\/#website"},"primaryImageOfPage":{"@id":"https:\/\/fav-links.org\/a-propos-de-nous\/#primaryimage"},"image":{"@id":"https:\/\/fav-links.org\/a-propos-de-nous\/#primaryimage"},"thumbnailUrl":"https:\/\/fav-links.org\/wp-content\/uploads\/2025\/02\/photo-new.jpg","datePublished":"2025-02-03T11:46:36+00:00","dateModified":"2025-02-03T11:46:38+00:00","description":"D\u00e9couvrez les derni\u00e8res tendances mode, des conseils stylistiques personnalis\u00e9s et des analyses approfondies des collections contemporaines.","breadcrumb":{"@id":"https:\/\/fav-links.org\/a-propos-de-nous\/#breadcrumb"},"inLanguage":"ro-RO","potentialAction":[{"@type":"ReadAction","target":["https:\/\/fav-links.org\/a-propos-de-nous\/"]}]},{"@type":"ImageObject","inLanguage":"ro-RO","@id":"https:\/\/fav-links.org\/a-propos-de-nous\/#primaryimage","url":"https:\/\/fav-links.org\/wp-content\/uploads\/2025\/02\/photo-new.jpg","contentUrl":"https:\/\/fav-links.org\/wp-content\/uploads\/2025\/02\/photo-new.jpg"},{"@type":"BreadcrumbList","@id":"https:\/\/fav-links.org\/a-propos-de-nous\/#breadcrumb","itemListElement":[{"@type":"ListItem","position":1,"name":"Home","item":"https:\/\/fav-links.org\/"},{"@type":"ListItem","position":2,"name":"A propos de nous"}]},{"@type":"WebSite","@id":"https:\/\/fav-links.org\/#website","url":"https:\/\/fav-links.org\/","name":"fav-links.org","description":"Astuces mode, id\u00e9es de looks et tendances actuelles","potentialAction":[{"@type":"SearchAction","target":{"@type":"EntryPoint","urlTemplate":"https:\/\/fav-links.org\/?s={search_term_string}"},"query-input":"required name=search_term_string"}],"inLanguage":"ro-RO"}]}},"yoast_meta":{"yoast_wpseo_title":"","yoast_wpseo_metadesc":"","yoast_wpseo_canonical":"https:\/\/fav-links.org\/ro\/wp-json\/wp\/v2\/pages\/40"},"_links":{"self":[{"href":"https:\/\/fav-links.org\/ro\/wp-json\/wp\/v2\/pages\/40","targetHints":{"allow":["GET"]}}],"collection":[{"href":"https:\/\/fav-links.org\/ro\/wp-json\/wp\/v2\/pages"}],"about":[{"href":"https:\/\/fav-links.org\/ro\/wp-json\/wp\/v2\/types\/page"}],"author":[{"embeddable":true,"href":"https:\/\/fav-links.org\/ro\/wp-json\/wp\/v2\/users\/1"}],"replies":[{"embeddable":true,"href":"https:\/\/fav-links.org\/ro\/wp-json\/wp\/v2\/comments?post=40"}],"version-history":[{"count":1,"href":"https:\/\/fav-links.org\/ro\/wp-json\/wp\/v2\/pages\/40\/revisions"}],"predecessor-version":[{"id":44,"href":"https:\/\/fav-links.org\/ro\/wp-json\/wp\/v2\/pages\/40\/revisions\/44"}],"wp:attachment":[{"href":"https:\/\/fav-links.org\/ro\/wp-json\/wp\/v2\/media?parent=40"}],"curies":[{"name":"wp","href":"https:\/\/api.w.org\/{rel}","templated":true}]}}