{"id":3,"date":"2021-12-21T10:05:49","date_gmt":"2021-12-21T10:05:49","guid":{"rendered":"https:\/\/fav-links.org\/\/?page_id=3"},"modified":"2025-02-03T11:43:55","modified_gmt":"2025-02-03T11:43:55","slug":"privacy-policy","status":"publish","type":"page","link":"https:\/\/fav-links.org\/ro\/privacy-policy\/","title":{"rendered":"Confiden\u021bialitate"},"content":{"rendered":"<br \/>\n<h2>1. Introducere<\/h2>\n<p>Aceast\u0103 politic\u0103 de confiden\u021bialitate explic\u0103 modul \u00een care <strong>fav-links.org<\/strong> colecteaz\u0103, utilizeaz\u0103 \u0219i protejeaz\u0103 datele dumneavoastr\u0103 cu caracter personal.<\/p>\n<h2>2. Colectarea informa\u021biilor<\/h2>\n<p>Colect\u0103m mai multe tipuri de date:<\/p>\n<ul>\n<li><strong>Date personale:<\/strong> Numele, adresa de e-mail etc., atunci c\u00e2nd completa\u021bi un formular.<\/li>\n<li><strong>Date tehnice:<\/strong> Adres\u0103 IP, tip de browser, sistem de operare.<\/li>\n<li><strong>Date de utilizare:<\/strong> Pagini vizitate, timp de navigare, preferin\u021be.<\/li>\n<\/ul>\n<h2>3. Utilizarea datelor<\/h2>\n<p>Datele colectate sunt utilizate pentru:<\/p>\n<ul>\n<li>\u00cembun\u0103t\u0103\u021bi\u021bi experien\u021ba utilizatorului \u0219i con\u021binutul site-ului.<\/li>\n<li>Gestioneaz\u0103 \u00eenregistr\u0103rile \u0219i serviciile oferite.<\/li>\n<li>Analiza\u021bi traficul \u0219i comportamentul utilizatorilor.<\/li>\n<\/ul>\n<h2>4. Fi\u0219iere cookie<\/h2>\n<p>Folosim cookie-uri pentru a \u00eembun\u0103t\u0103\u021bi experien\u021ba dvs. de navigare. Pute\u021bi gestiona preferin\u021bele dvs. prin set\u0103rile browserului dvs., dar unele func\u021bii ale site-ului pot fi afectate.<\/p>\n<h2>5. Partajarea informa\u021biilor cu ter\u021be p\u0103r\u021bi<\/h2>\n<p>\u00cemp\u0103rt\u0103\u0219im datele dumneavoastr\u0103 doar cu:<\/p>\n<ul>\n<li>Furnizori de servicii ter\u021bi (g\u0103zduire, analiz\u0103 web).<\/li>\n<li>Autorit\u0103\u021bile, dac\u0103 acest lucru este impus de lege.<\/li>\n<\/ul>\n<h2>6. Securitatea datelor<\/h2>\n<p>Implement\u0103m m\u0103suri de securitate pentru a v\u0103 proteja datele, dar nicio transmisie pe internet nu este complet sigur\u0103.<\/p>\n<h2>7. Drepturile utilizatorilor<\/h2>\n<p>Ave\u021bi dreptul s\u0103:<\/p>\n<ul>\n<li>Accesa\u021bi-v\u0103 datele.<\/li>\n<li>Solicita\u021bi corectarea sau \u0219tergerea acestora.<\/li>\n<li>Retrage\u021bi-v\u0103 consim\u021b\u0103m\u00e2ntul pentru prelucrare.<\/li>\n<\/ul>\n<h2>8. Modific\u0103ri ale Politicii<\/h2>\n<p>Este posibil s\u0103 actualiz\u0103m aceast\u0103 politic\u0103 \u0219i vom notifica utilizatorii prin intermediul site-ului. Cea mai recent\u0103 versiune este \u00eentotdeauna disponibil\u0103 aici.<\/p>\n<h2>9. Contact<\/h2>\n<p>Pentru orice \u00eentreb\u0103ri, contacta\u021bi-ne la: <a href=\"mailto:contact@fav-links.org\">contact@fav-links.org<\/a><\/p>","protected":false},"excerpt":{"rendered":"<p>1. Introducere Aceast\u0103 politic\u0103 de confiden\u021bialitate explic\u0103 modul \u00een care fav-links.org colecteaz\u0103, utilizeaz\u0103 \u0219i protejeaz\u0103 datele dumneavoastr\u0103 cu caracter personal. 2. Colectarea informa\u021biilor...<\/p>","protected":false},"author":1,"featured_media":0,"parent":0,"menu_order":0,"comment_status":"closed","ping_status":"open","template":"","meta":{"_acf_changed":false,"footnotes":""},"class_list":["post-3","page","type-page","status-publish","hentry"],"acf":[],"yoast_head":"<!-- This site is optimized with the Yoast SEO plugin v23.2 - https:\/\/yoast.com\/wordpress\/plugins\/seo\/ -->\n<title>Confidentialit\u00e9 - fav-links.org<\/title>\n<meta name=\"robots\" content=\"index, follow, max-snippet:-1, max-image-preview:large, max-video-preview:-1\" \/>\n<link rel=\"canonical\" href=\"https:\/\/fav-links.org\/ro\/privacy-policy\/\" \/>\n<meta property=\"og:locale\" content=\"ro_RO\" \/>\n<meta property=\"og:type\" content=\"article\" \/>\n<meta property=\"og:title\" content=\"Confidentialit\u00e9 - fav-links.org\" \/>\n<meta property=\"og:description\" content=\"1. Introduction Cette politique de confidentialit\u00e9 explique comment fav-links.org collecte, utilise et prot\u00e8ge vos donn\u00e9es personnelles. 2. Collecte des Informations&#046;&#046;&#046;\" \/>\n<meta property=\"og:url\" content=\"https:\/\/fav-links.org\/ro\/privacy-policy\/\" \/>\n<meta property=\"og:site_name\" content=\"fav-links.org\" \/>\n<meta property=\"article:modified_time\" content=\"2025-02-03T11:43:55+00:00\" \/>\n<meta name=\"twitter:card\" content=\"summary_large_image\" \/>\n<meta name=\"twitter:label1\" content=\"Timp estimat pentru citire\" \/>\n\t<meta name=\"twitter:data1\" content=\"2 minute\" \/>\n<script type=\"application\/ld+json\" class=\"yoast-schema-graph\">{\"@context\":\"https:\/\/schema.org\",\"@graph\":[{\"@type\":\"WebPage\",\"@id\":\"https:\/\/fav-links.org\/privacy-policy\/\",\"url\":\"https:\/\/fav-links.org\/privacy-policy\/\",\"name\":\"Confidentialit\u00e9 - fav-links.org\",\"isPartOf\":{\"@id\":\"https:\/\/fav-links.org\/#website\"},\"datePublished\":\"2021-12-21T10:05:49+00:00\",\"dateModified\":\"2025-02-03T11:43:55+00:00\",\"breadcrumb\":{\"@id\":\"https:\/\/fav-links.org\/privacy-policy\/#breadcrumb\"},\"inLanguage\":\"ro-RO\",\"potentialAction\":[{\"@type\":\"ReadAction\",\"target\":[\"https:\/\/fav-links.org\/privacy-policy\/\"]}]},{\"@type\":\"BreadcrumbList\",\"@id\":\"https:\/\/fav-links.org\/privacy-policy\/#breadcrumb\",\"itemListElement\":[{\"@type\":\"ListItem\",\"position\":1,\"name\":\"Home\",\"item\":\"https:\/\/fav-links.org\/\"},{\"@type\":\"ListItem\",\"position\":2,\"name\":\"Confidentialit\u00e9\"}]},{\"@type\":\"WebSite\",\"@id\":\"https:\/\/fav-links.org\/#website\",\"url\":\"https:\/\/fav-links.org\/\",\"name\":\"fav-links.org\",\"description\":\"Astuces mode, id\u00e9es de looks et tendances actuelles\",\"potentialAction\":[{\"@type\":\"SearchAction\",\"target\":{\"@type\":\"EntryPoint\",\"urlTemplate\":\"https:\/\/fav-links.org\/?s={search_term_string}\"},\"query-input\":\"required name=search_term_string\"}],\"inLanguage\":\"ro-RO\"}]}<\/script>\n<!-- \/ Yoast SEO plugin. -->","yoast_head_json":{"title":"Confidentialit\u00e9 - fav-links.org","robots":{"index":"index","follow":"follow","max-snippet":"max-snippet:-1","max-image-preview":"max-image-preview:large","max-video-preview":"max-video-preview:-1"},"canonical":"https:\/\/fav-links.org\/ro\/privacy-policy\/","og_locale":"ro_RO","og_type":"article","og_title":"Confidentialit\u00e9 - fav-links.org","og_description":"1. Introduction Cette politique de confidentialit\u00e9 explique comment fav-links.org collecte, utilise et prot\u00e8ge vos donn\u00e9es personnelles. 2. Collecte des Informations&#46;&#46;&#46;","og_url":"https:\/\/fav-links.org\/ro\/privacy-policy\/","og_site_name":"fav-links.org","article_modified_time":"2025-02-03T11:43:55+00:00","twitter_card":"summary_large_image","twitter_misc":{"Timp estimat pentru citire":"2 minute"},"schema":{"@context":"https:\/\/schema.org","@graph":[{"@type":"WebPage","@id":"https:\/\/fav-links.org\/privacy-policy\/","url":"https:\/\/fav-links.org\/privacy-policy\/","name":"Confidentialit\u00e9 - fav-links.org","isPartOf":{"@id":"https:\/\/fav-links.org\/#website"},"datePublished":"2021-12-21T10:05:49+00:00","dateModified":"2025-02-03T11:43:55+00:00","breadcrumb":{"@id":"https:\/\/fav-links.org\/privacy-policy\/#breadcrumb"},"inLanguage":"ro-RO","potentialAction":[{"@type":"ReadAction","target":["https:\/\/fav-links.org\/privacy-policy\/"]}]},{"@type":"BreadcrumbList","@id":"https:\/\/fav-links.org\/privacy-policy\/#breadcrumb","itemListElement":[{"@type":"ListItem","position":1,"name":"Home","item":"https:\/\/fav-links.org\/"},{"@type":"ListItem","position":2,"name":"Confidentialit\u00e9"}]},{"@type":"WebSite","@id":"https:\/\/fav-links.org\/#website","url":"https:\/\/fav-links.org\/","name":"fav-links.org","description":"Astuces mode, id\u00e9es de looks et tendances actuelles","potentialAction":[{"@type":"SearchAction","target":{"@type":"EntryPoint","urlTemplate":"https:\/\/fav-links.org\/?s={search_term_string}"},"query-input":"required name=search_term_string"}],"inLanguage":"ro-RO"}]}},"yoast_meta":{"yoast_wpseo_title":"","yoast_wpseo_metadesc":"","yoast_wpseo_canonical":"https:\/\/fav-links.org\/ro\/wp-json\/wp\/v2\/pages\/3"},"_links":{"self":[{"href":"https:\/\/fav-links.org\/ro\/wp-json\/wp\/v2\/pages\/3","targetHints":{"allow":["GET"]}}],"collection":[{"href":"https:\/\/fav-links.org\/ro\/wp-json\/wp\/v2\/pages"}],"about":[{"href":"https:\/\/fav-links.org\/ro\/wp-json\/wp\/v2\/types\/page"}],"author":[{"embeddable":true,"href":"https:\/\/fav-links.org\/ro\/wp-json\/wp\/v2\/users\/1"}],"replies":[{"embeddable":true,"href":"https:\/\/fav-links.org\/ro\/wp-json\/wp\/v2\/comments?post=3"}],"version-history":[{"count":1,"href":"https:\/\/fav-links.org\/ro\/wp-json\/wp\/v2\/pages\/3\/revisions"}],"predecessor-version":[{"id":39,"href":"https:\/\/fav-links.org\/ro\/wp-json\/wp\/v2\/pages\/3\/revisions\/39"}],"wp:attachment":[{"href":"https:\/\/fav-links.org\/ro\/wp-json\/wp\/v2\/media?parent=3"}],"curies":[{"name":"wp","href":"https:\/\/api.w.org\/{rel}","templated":true}]}}